{"id":128,"date":"2017-06-13T12:19:44","date_gmt":"2017-06-13T10:19:44","guid":{"rendered":"http:\/\/cte.adveris.fr\/?page_id=128\/"},"modified":"2025-06-06T15:55:55","modified_gmt":"2025-06-06T13:55:55","slug":"the-company-co-entreprise-de-transport-delectricite","status":"publish","type":"page","link":"https:\/\/ctelectricite.com\/en\/the-company-co-entreprise-de-transport-delectricite\/","title":{"rendered":"The Company"},"content":{"rendered":"<p>CTE is a holding company which holds 100% of the share capital of RTE R\u00e9seau de Transport d&#8217;Electricit\u00e9.<\/p>\n","protected":false},"excerpt":{"rendered":"<p>CTE is a holding company which holds 100% of the share capital of RTE R\u00e9seau de Transport d&#8217;Electricit\u00e9.<\/p>\n","protected":false},"author":1,"featured_media":62,"parent":0,"menu_order":5,"comment_status":"closed","ping_status":"closed","template":"page-presentation.php","meta":{"_acf_changed":false,"footnotes":""},"class_list":["post-128","page","type-page","status-publish","has-post-thumbnail","hentry"],"acf":[],"yoast_head":"<!-- This site is optimized with the Yoast SEO plugin v27.2 - https:\/\/yoast.com\/product\/yoast-seo-wordpress\/ -->\n<title>The Company | Co-entreprise de Transport d&#039;Electricit\u00e9<\/title>\n<meta name=\"description\" content=\"Co-entreprise de Transport d&#039;Electricit\u00e9 is a holding 50% owned by EDF, 29.9% owned by Caisses des D\u00e9p\u00f4ts et consignations and 20% owned by CNP Assurances\" \/>\n<meta name=\"robots\" content=\"index, follow, max-snippet:-1, max-image-preview:large, max-video-preview:-1\" \/>\n<link rel=\"canonical\" href=\"https:\/\/ctelectricite.com\/en\/the-company-co-entreprise-de-transport-delectricite\/\" \/>\n<meta property=\"og:locale\" content=\"en_US\" \/>\n<meta property=\"og:type\" content=\"article\" \/>\n<meta property=\"og:title\" content=\"The Company | Co-entreprise de Transport d&#039;Electricit\u00e9\" \/>\n<meta property=\"og:description\" content=\"Co-entreprise de Transport d&#039;Electricit\u00e9 is a holding 50% owned by EDF, 29.9% owned by Caisses des D\u00e9p\u00f4ts et consignations and 20% owned by CNP Assurances\" \/>\n<meta property=\"og:url\" content=\"https:\/\/ctelectricite.com\/en\/the-company-co-entreprise-de-transport-delectricite\/\" \/>\n<meta property=\"og:site_name\" content=\"CTE\" \/>\n<meta property=\"article:modified_time\" content=\"2025-06-06T13:55:55+00:00\" \/>\n<meta property=\"og:image\" content=\"https:\/\/ctelectricite.com\/wp-content\/uploads\/2017\/06\/societe.png\" \/>\n\t<meta property=\"og:image:width\" content=\"1170\" \/>\n\t<meta property=\"og:image:height\" content=\"300\" \/>\n\t<meta property=\"og:image:type\" content=\"image\/png\" \/>\n<meta name=\"twitter:card\" content=\"summary_large_image\" \/>\n<meta name=\"twitter:label1\" content=\"Est. reading time\" \/>\n\t<meta name=\"twitter:data1\" content=\"1 minute\" \/>\n<script type=\"application\/ld+json\" class=\"yoast-schema-graph\">{\"@context\":\"https:\/\/schema.org\",\"@graph\":[{\"@type\":\"WebPage\",\"@id\":\"https:\/\/ctelectricite.com\/en\/the-company-co-entreprise-de-transport-delectricite\/\",\"url\":\"https:\/\/ctelectricite.com\/en\/the-company-co-entreprise-de-transport-delectricite\/\",\"name\":\"The Company | Co-entreprise de Transport d'Electricit\u00e9\",\"isPartOf\":{\"@id\":\"https:\/\/ctelectricite.com\/#website\"},\"primaryImageOfPage\":{\"@id\":\"https:\/\/ctelectricite.com\/en\/the-company-co-entreprise-de-transport-delectricite\/#primaryimage\"},\"image\":{\"@id\":\"https:\/\/ctelectricite.com\/en\/the-company-co-entreprise-de-transport-delectricite\/#primaryimage\"},\"thumbnailUrl\":\"https:\/\/ctelectricite.com\/wp-content\/uploads\/2017\/06\/societe.png\",\"datePublished\":\"2017-06-13T10:19:44+00:00\",\"dateModified\":\"2025-06-06T13:55:55+00:00\",\"description\":\"Co-entreprise de Transport d'Electricit\u00e9 is a holding 50% owned by EDF, 29.9% owned by Caisses des D\u00e9p\u00f4ts et consignations and 20% owned by CNP Assurances\",\"breadcrumb\":{\"@id\":\"https:\/\/ctelectricite.com\/en\/the-company-co-entreprise-de-transport-delectricite\/#breadcrumb\"},\"inLanguage\":\"en-US\",\"potentialAction\":[{\"@type\":\"ReadAction\",\"target\":[\"https:\/\/ctelectricite.com\/en\/the-company-co-entreprise-de-transport-delectricite\/\"]}]},{\"@type\":\"ImageObject\",\"inLanguage\":\"en-US\",\"@id\":\"https:\/\/ctelectricite.com\/en\/the-company-co-entreprise-de-transport-delectricite\/#primaryimage\",\"url\":\"https:\/\/ctelectricite.com\/wp-content\/uploads\/2017\/06\/societe.png\",\"contentUrl\":\"https:\/\/ctelectricite.com\/wp-content\/uploads\/2017\/06\/societe.png\",\"width\":1170,\"height\":300},{\"@type\":\"BreadcrumbList\",\"@id\":\"https:\/\/ctelectricite.com\/en\/the-company-co-entreprise-de-transport-delectricite\/#breadcrumb\",\"itemListElement\":[{\"@type\":\"ListItem\",\"position\":1,\"name\":\"Accueil\",\"item\":\"https:\/\/ctelectricite.com\/en\/\"},{\"@type\":\"ListItem\",\"position\":2,\"name\":\"The Company\"}]},{\"@type\":\"WebSite\",\"@id\":\"https:\/\/ctelectricite.com\/#website\",\"url\":\"https:\/\/ctelectricite.com\/\",\"name\":\"CTE\",\"description\":\"\",\"potentialAction\":[{\"@type\":\"SearchAction\",\"target\":{\"@type\":\"EntryPoint\",\"urlTemplate\":\"https:\/\/ctelectricite.com\/?s={search_term_string}\"},\"query-input\":{\"@type\":\"PropertyValueSpecification\",\"valueRequired\":true,\"valueName\":\"search_term_string\"}}],\"inLanguage\":\"en-US\"}]}<\/script>\n<!-- \/ Yoast SEO plugin. -->","yoast_head_json":{"title":"The Company | Co-entreprise de Transport d'Electricit\u00e9","description":"Co-entreprise de Transport d'Electricit\u00e9 is a holding 50% owned by EDF, 29.9% owned by Caisses des D\u00e9p\u00f4ts et consignations and 20% owned by CNP Assurances","robots":{"index":"index","follow":"follow","max-snippet":"max-snippet:-1","max-image-preview":"max-image-preview:large","max-video-preview":"max-video-preview:-1"},"canonical":"https:\/\/ctelectricite.com\/en\/the-company-co-entreprise-de-transport-delectricite\/","og_locale":"en_US","og_type":"article","og_title":"The Company | Co-entreprise de Transport d'Electricit\u00e9","og_description":"Co-entreprise de Transport d'Electricit\u00e9 is a holding 50% owned by EDF, 29.9% owned by Caisses des D\u00e9p\u00f4ts et consignations and 20% owned by CNP Assurances","og_url":"https:\/\/ctelectricite.com\/en\/the-company-co-entreprise-de-transport-delectricite\/","og_site_name":"CTE","article_modified_time":"2025-06-06T13:55:55+00:00","og_image":[{"width":1170,"height":300,"url":"https:\/\/ctelectricite.com\/wp-content\/uploads\/2017\/06\/societe.png","type":"image\/png"}],"twitter_card":"summary_large_image","twitter_misc":{"Est. reading time":"1 minute"},"schema":{"@context":"https:\/\/schema.org","@graph":[{"@type":"WebPage","@id":"https:\/\/ctelectricite.com\/en\/the-company-co-entreprise-de-transport-delectricite\/","url":"https:\/\/ctelectricite.com\/en\/the-company-co-entreprise-de-transport-delectricite\/","name":"The Company | Co-entreprise de Transport d'Electricit\u00e9","isPartOf":{"@id":"https:\/\/ctelectricite.com\/#website"},"primaryImageOfPage":{"@id":"https:\/\/ctelectricite.com\/en\/the-company-co-entreprise-de-transport-delectricite\/#primaryimage"},"image":{"@id":"https:\/\/ctelectricite.com\/en\/the-company-co-entreprise-de-transport-delectricite\/#primaryimage"},"thumbnailUrl":"https:\/\/ctelectricite.com\/wp-content\/uploads\/2017\/06\/societe.png","datePublished":"2017-06-13T10:19:44+00:00","dateModified":"2025-06-06T13:55:55+00:00","description":"Co-entreprise de Transport d'Electricit\u00e9 is a holding 50% owned by EDF, 29.9% owned by Caisses des D\u00e9p\u00f4ts et consignations and 20% owned by CNP Assurances","breadcrumb":{"@id":"https:\/\/ctelectricite.com\/en\/the-company-co-entreprise-de-transport-delectricite\/#breadcrumb"},"inLanguage":"en-US","potentialAction":[{"@type":"ReadAction","target":["https:\/\/ctelectricite.com\/en\/the-company-co-entreprise-de-transport-delectricite\/"]}]},{"@type":"ImageObject","inLanguage":"en-US","@id":"https:\/\/ctelectricite.com\/en\/the-company-co-entreprise-de-transport-delectricite\/#primaryimage","url":"https:\/\/ctelectricite.com\/wp-content\/uploads\/2017\/06\/societe.png","contentUrl":"https:\/\/ctelectricite.com\/wp-content\/uploads\/2017\/06\/societe.png","width":1170,"height":300},{"@type":"BreadcrumbList","@id":"https:\/\/ctelectricite.com\/en\/the-company-co-entreprise-de-transport-delectricite\/#breadcrumb","itemListElement":[{"@type":"ListItem","position":1,"name":"Accueil","item":"https:\/\/ctelectricite.com\/en\/"},{"@type":"ListItem","position":2,"name":"The Company"}]},{"@type":"WebSite","@id":"https:\/\/ctelectricite.com\/#website","url":"https:\/\/ctelectricite.com\/","name":"CTE","description":"","potentialAction":[{"@type":"SearchAction","target":{"@type":"EntryPoint","urlTemplate":"https:\/\/ctelectricite.com\/?s={search_term_string}"},"query-input":{"@type":"PropertyValueSpecification","valueRequired":true,"valueName":"search_term_string"}}],"inLanguage":"en-US"}]}},"_links":{"self":[{"href":"https:\/\/ctelectricite.com\/en\/wp-json\/wp\/v2\/pages\/128","targetHints":{"allow":["GET"]}}],"collection":[{"href":"https:\/\/ctelectricite.com\/en\/wp-json\/wp\/v2\/pages"}],"about":[{"href":"https:\/\/ctelectricite.com\/en\/wp-json\/wp\/v2\/types\/page"}],"author":[{"embeddable":true,"href":"https:\/\/ctelectricite.com\/en\/wp-json\/wp\/v2\/users\/1"}],"replies":[{"embeddable":true,"href":"https:\/\/ctelectricite.com\/en\/wp-json\/wp\/v2\/comments?post=128"}],"version-history":[{"count":38,"href":"https:\/\/ctelectricite.com\/en\/wp-json\/wp\/v2\/pages\/128\/revisions"}],"predecessor-version":[{"id":5894,"href":"https:\/\/ctelectricite.com\/en\/wp-json\/wp\/v2\/pages\/128\/revisions\/5894"}],"wp:featuredmedia":[{"embeddable":true,"href":"https:\/\/ctelectricite.com\/en\/wp-json\/wp\/v2\/media\/62"}],"wp:attachment":[{"href":"https:\/\/ctelectricite.com\/en\/wp-json\/wp\/v2\/media?parent=128"}],"curies":[{"name":"wp","href":"https:\/\/api.w.org\/{rel}","templated":true}]}}